{"id":2477,"date":"2025-06-25T12:54:41","date_gmt":"2025-06-25T17:54:41","guid":{"rendered":"https:\/\/hopewellsystem.com\/extranet10\/?page_id=2477"},"modified":"2025-06-25T12:54:41","modified_gmt":"2025-06-25T17:54:41","slug":"aviso-de-privacidad-hopewell-s-c","status":"publish","type":"page","link":"https:\/\/hopewellsystem.com\/extranet10\/aviso-de-privacidad-hopewell-s-c\/","title":{"rendered":"Aviso de Privacidad \u2013 Hopewell S.C."},"content":{"rendered":"<p data-start=\"296\" data-end=\"524\"><strong data-start=\"296\" data-end=\"351\">Responsable del tratamiento de los datos personales<\/strong><br data-start=\"351\" data-end=\"354\" \/>Hopewell S.C. (en adelante \u201cHopewell\u201d), con domicilio en Maricopa #10 int. 201-A, Col. N\u00e1poles, M\u00e9xico D.F., C.P. 03810, es responsable del tratamiento de sus datos personales.<\/p>\n<p data-start=\"526\" data-end=\"682\"><strong data-start=\"526\" data-end=\"550\">Datos que se recaban<\/strong><br data-start=\"550\" data-end=\"553\" \/>Recabamos los siguientes datos personales de forma directa a trav\u00e9s de formularios en l\u00ednea, redes sociales o correo electr\u00f3nico:<\/p>\n<ul data-start=\"683\" data-end=\"841\">\n<li data-start=\"683\" data-end=\"702\">\n<p data-start=\"685\" data-end=\"702\">Nombre completo<\/p>\n<\/li>\n<li data-start=\"703\" data-end=\"725\">\n<p data-start=\"705\" data-end=\"725\">Correo electr\u00f3nico<\/p>\n<\/li>\n<li data-start=\"726\" data-end=\"738\">\n<p data-start=\"728\" data-end=\"738\">Tel\u00e9fono<\/p>\n<\/li>\n<li data-start=\"739\" data-end=\"764\">\n<p data-start=\"741\" data-end=\"764\">Empresa o instituci\u00f3n<\/p>\n<\/li>\n<li data-start=\"765\" data-end=\"774\">\n<p data-start=\"767\" data-end=\"774\">Cargo<\/p>\n<\/li>\n<li data-start=\"775\" data-end=\"841\">\n<p data-start=\"777\" data-end=\"841\">Informaci\u00f3n relacionada con intereses tecnol\u00f3gicos o comerciales<\/p>\n<\/li>\n<\/ul>\n<p data-start=\"843\" data-end=\"909\"><strong data-start=\"843\" data-end=\"874\">Finalidades del tratamiento<\/strong><br data-start=\"874\" data-end=\"877\" \/>Los datos ser\u00e1n utilizados para:<\/p>\n<ul data-start=\"910\" data-end=\"1202\">\n<li data-start=\"910\" data-end=\"984\">\n<p data-start=\"912\" data-end=\"984\">Proveer informaci\u00f3n sobre productos y servicios ofrecidos por Hopewell<\/p>\n<\/li>\n<li data-start=\"985\" data-end=\"1063\">\n<p data-start=\"987\" data-end=\"1063\">Contactar al titular para agendar demostraciones, cotizaciones o asesor\u00edas<\/p>\n<\/li>\n<li data-start=\"1064\" data-end=\"1131\">\n<p data-start=\"1066\" data-end=\"1131\">Enviar comunicaciones promocionales, t\u00e9cnicas o institucionales<\/p>\n<\/li>\n<li data-start=\"1132\" data-end=\"1202\">\n<p data-start=\"1134\" data-end=\"1202\">Evaluar la calidad del servicio y mejorar la experiencia del usuario<\/p>\n<\/li>\n<\/ul>\n<p data-start=\"1204\" data-end=\"1355\"><strong data-start=\"1204\" data-end=\"1231\">Transferencias de datos<\/strong><br data-start=\"1231\" data-end=\"1234\" \/>Hopewell no transferir\u00e1 sus datos personales a terceros sin su consentimiento, salvo las excepciones previstas en la ley.<\/p>\n<p data-start=\"1357\" data-end=\"1565\"><strong data-start=\"1357\" data-end=\"1374\">Derechos ARCO<\/strong><br data-start=\"1374\" data-end=\"1377\" \/>Usted tiene derecho a acceder, rectificar, cancelar u oponerse al tratamiento de sus datos personales. Para ejercer estos derechos, puede contactarnos al correo: ventasint@hopewellsystem.com.<\/p>\n<p data-start=\"1567\" data-end=\"1771\"><strong data-start=\"1567\" data-end=\"1601\">Cambios al aviso de privacidad<\/strong><br data-start=\"1601\" data-end=\"1604\" \/>Hopewell podr\u00e1 modificar este aviso en cualquier momento. Cualquier cambio ser\u00e1 publicado en este mismo sitio:<br data-start=\"1714\" data-end=\"1717\" \/><strong data-start=\"1717\" data-end=\"1771\"><a class=\"\" href=\"https:\/\/www.hopewellsystem.com\/aviso-de-privacidad\" target=\"_new\" rel=\"noopener\" data-start=\"1719\" data-end=\"1769\">https:\/\/www.hopewellsystem.com\/aviso-de-privacidad<\/a><\/strong><\/p>\n<p data-start=\"1773\" data-end=\"1838\"><strong data-start=\"1773\" data-end=\"1807\">Fecha de \u00faltima actualizaci\u00f3n:<\/strong> 27 de marzo del 2025<\/p>\n","protected":false},"excerpt":{"rendered":"<p>Responsable del tratamiento de los datos personalesHopewell S.C. (en adelante \u201cHopewell\u201d), con domicilio en Maricopa #10 int. 201-A, Col. N\u00e1poles,&hellip;<\/p>\n","protected":false},"author":1,"featured_media":0,"parent":0,"menu_order":0,"comment_status":"closed","ping_status":"closed","template":"","meta":{"_mo_disable_npp":"","_joinchat":[],"footnotes":""},"class_list":{"0":"post-2477","1":"page","2":"type-page","3":"status-publish","5":"entry"},"_links":{"self":[{"href":"https:\/\/hopewellsystem.com\/extranet10\/wp-json\/wp\/v2\/pages\/2477","targetHints":{"allow":["GET"]}}],"collection":[{"href":"https:\/\/hopewellsystem.com\/extranet10\/wp-json\/wp\/v2\/pages"}],"about":[{"href":"https:\/\/hopewellsystem.com\/extranet10\/wp-json\/wp\/v2\/types\/page"}],"author":[{"embeddable":true,"href":"https:\/\/hopewellsystem.com\/extranet10\/wp-json\/wp\/v2\/users\/1"}],"replies":[{"embeddable":true,"href":"https:\/\/hopewellsystem.com\/extranet10\/wp-json\/wp\/v2\/comments?post=2477"}],"version-history":[{"count":1,"href":"https:\/\/hopewellsystem.com\/extranet10\/wp-json\/wp\/v2\/pages\/2477\/revisions"}],"predecessor-version":[{"id":2479,"href":"https:\/\/hopewellsystem.com\/extranet10\/wp-json\/wp\/v2\/pages\/2477\/revisions\/2479"}],"wp:attachment":[{"href":"https:\/\/hopewellsystem.com\/extranet10\/wp-json\/wp\/v2\/media?parent=2477"}],"curies":[{"name":"wp","href":"https:\/\/api.w.org\/{rel}","templated":true}]}}